{"id":45,"date":"2013-05-16T21:35:15","date_gmt":"2013-05-16T20:35:15","guid":{"rendered":"http:\/\/www.fa-bemol.com\/wordpress\/?page_id=45"},"modified":"2013-05-19T08:37:52","modified_gmt":"2013-05-19T07:37:52","slug":"les-films","status":"publish","type":"page","link":"https:\/\/www.fa-bemol.com\/?page_id=45","title":{"rendered":"Les films"},"content":{"rendered":"<p><em>Voici un petit floril\u00e8ge des films cr\u00e9er par des enfants avec l&rsquo;assistance des ateliers fa b\u00e9mol.<\/em><\/p>\n<p><strong>\u00ab\u00a0In The Garden\u00a0\u00bb<\/strong><br \/>\n&nbsp;<br \/>\n<iframe loading=\"lazy\" src=\"http:\/\/www.youtube.com\/embed\/1WM-hEnQ_C4\" height=\"315\" width=\"560\" allowfullscreen=\"\" frameborder=\"0\"><\/iframe><\/p>\n<p style=\"text-align: left;\">Une id\u00e9e de film d\u2019animation \u00e0 faire par beau temps\u2026<\/p>\n<p>&nbsp;<\/p>\n<p><strong>\u00ab\u00a0Oiseaux pas Content\u00a0\u00bb<\/strong><br \/>\n&nbsp;<br \/>\n<iframe loading=\"lazy\" src=\"http:\/\/www.youtube.com\/embed\/0OF3PYWw0mc\" height=\"315\" width=\"560\" allowfullscreen=\"\" frameborder=\"0\"><\/iframe><\/p>\n<p style=\"text-align: left;\">Un film de Manon et No\u00e9mie<\/p>\n<p>&nbsp;<br \/>\n<strong>\u00ab\u00a0La Sorci\u00e8re et la Grenouille\u00a0\u00bb<\/strong><br \/>\n&nbsp;<br \/>\n<iframe loading=\"lazy\" src=\"http:\/\/www.youtube.com\/embed\/1fGQ3-r5dy4\" height=\"315\" width=\"560\" allowfullscreen=\"\" frameborder=\"0\"><\/iframe><\/p>\n<p style=\"text-align: left;\">Le premier film stop Motion de Manon et No\u00e9mie<\/p>\n<p>&nbsp;<\/p>\n","protected":false},"excerpt":{"rendered":"<p>Voici un petit floril\u00e8ge des films cr\u00e9er par des enfants avec l&rsquo;assistance des ateliers fa b\u00e9mol. \u00ab\u00a0In The Garden\u00a0\u00bb &nbsp; Une id\u00e9e de film d\u2019animation \u00e0 faire par beau temps\u2026 &nbsp; \u00ab\u00a0Oiseaux pas Content\u00a0\u00bb &nbsp; Un film de Manon et No\u00e9mie &nbsp; \u00ab\u00a0La Sorci\u00e8re et la Grenouille\u00a0\u00bb &nbsp; Le premier film stop Motion de Manon [&hellip;]<\/p>\n","protected":false},"author":1,"featured_media":0,"parent":0,"menu_order":0,"comment_status":"closed","ping_status":"open","template":"","meta":{"footnotes":""},"class_list":["post-45","page","type-page","status-publish","hentry"],"_links":{"self":[{"href":"https:\/\/www.fa-bemol.com\/index.php?rest_route=\/wp\/v2\/pages\/45","targetHints":{"allow":["GET"]}}],"collection":[{"href":"https:\/\/www.fa-bemol.com\/index.php?rest_route=\/wp\/v2\/pages"}],"about":[{"href":"https:\/\/www.fa-bemol.com\/index.php?rest_route=\/wp\/v2\/types\/page"}],"author":[{"embeddable":true,"href":"https:\/\/www.fa-bemol.com\/index.php?rest_route=\/wp\/v2\/users\/1"}],"replies":[{"embeddable":true,"href":"https:\/\/www.fa-bemol.com\/index.php?rest_route=%2Fwp%2Fv2%2Fcomments&post=45"}],"version-history":[{"count":14,"href":"https:\/\/www.fa-bemol.com\/index.php?rest_route=\/wp\/v2\/pages\/45\/revisions"}],"predecessor-version":[{"id":103,"href":"https:\/\/www.fa-bemol.com\/index.php?rest_route=\/wp\/v2\/pages\/45\/revisions\/103"}],"wp:attachment":[{"href":"https:\/\/www.fa-bemol.com\/index.php?rest_route=%2Fwp%2Fv2%2Fmedia&parent=45"}],"curies":[{"name":"wp","href":"https:\/\/api.w.org\/{rel}","templated":true}]}}