{"id":369,"date":"2013-10-23T15:13:31","date_gmt":"2013-10-23T14:13:31","guid":{"rendered":"http:\/\/www.fa-bemol.com\/?page_id=369"},"modified":"2015-07-07T17:19:07","modified_gmt":"2015-07-07T16:19:07","slug":"ateliers-du-mardi","status":"publish","type":"page","link":"https:\/\/www.fa-bemol.com\/?page_id=369","title":{"rendered":"Ateliers du mardi et mercredi"},"content":{"rendered":"<p>Les ateliers fa-bemol sont des ateliers s\u2019adressant aux enfants de 5 \u00e0 15 ans qui propose de cr\u00e9er, avec des outils num\u00e9riques, des films d\u2019animation. A partir du sc\u00e9nario ou story board jusqu\u2019au montage final en passant par le tournage, la cr\u00e9ation de la bande son et des bruitages. \u00c7a projet va mobiliser chez l\u2019enfant toute son imagination, d\u00e9velopper sa patience, et lui permettre d\u2019apprendre \u00e0 utiliser l\u2019outil informatique dans une approche artistique.<\/p>\n<p>informations et inscriptions :<\/p>\n\n<div class=\"wpcf7 no-js\" id=\"wpcf7-f273-o1\" lang=\"\" dir=\"ltr\" data-wpcf7-id=\"273\">\n<div class=\"screen-reader-response\"><p role=\"status\" aria-live=\"polite\" aria-atomic=\"true\"><\/p> <ul><\/ul><\/div>\n<form action=\"\/index.php?rest_route=%2Fwp%2Fv2%2Fpages%2F369#wpcf7-f273-o1\" method=\"post\" class=\"wpcf7-form init\" aria-label=\"Formulaire de contact\" novalidate=\"novalidate\" data-status=\"init\">\n<fieldset class=\"hidden-fields-container\"><input type=\"hidden\" name=\"_wpcf7\" value=\"273\" \/><input type=\"hidden\" name=\"_wpcf7_version\" value=\"6.1.5\" \/><input type=\"hidden\" name=\"_wpcf7_locale\" value=\"\" \/><input type=\"hidden\" name=\"_wpcf7_unit_tag\" value=\"wpcf7-f273-o1\" \/><input type=\"hidden\" name=\"_wpcf7_container_post\" value=\"0\" \/><input type=\"hidden\" name=\"_wpcf7_posted_data_hash\" value=\"\" \/>\n<\/fieldset>\n<p>votre nom :\n<\/p>\n<p><span class=\"wpcf7-form-control-wrap\" data-name=\"your-name\"><input size=\"40\" maxlength=\"400\" class=\"wpcf7-form-control wpcf7-text wpcf7-validates-as-required\" aria-required=\"true\" aria-invalid=\"false\" value=\"\" type=\"text\" name=\"your-name\" \/><\/span>\n<\/p>\n<p>votre pr\u00e9nom :\n<\/p>\n<p><span class=\"wpcf7-form-control-wrap\" data-name=\"your-vorname\"><input size=\"40\" maxlength=\"400\" class=\"wpcf7-form-control wpcf7-text wpcf7-validates-as-required\" aria-required=\"true\" aria-invalid=\"false\" value=\"\" type=\"text\" name=\"your-vorname\" \/><\/span>\n<\/p>\n<p>nom de l'enfant :\n<\/p>\n<p><span class=\"wpcf7-form-control-wrap\" data-name=\"child-name\"><input size=\"40\" maxlength=\"400\" class=\"wpcf7-form-control wpcf7-text wpcf7-validates-as-required\" aria-required=\"true\" aria-invalid=\"false\" value=\"\" type=\"text\" name=\"child-name\" \/><\/span>\n<\/p>\n<p>pr\u00e9nom de l'enfant :\n<\/p>\n<p><span class=\"wpcf7-form-control-wrap\" data-name=\"child-vorname\"><input size=\"40\" maxlength=\"400\" class=\"wpcf7-form-control wpcf7-text wpcf7-validates-as-required\" aria-required=\"true\" aria-invalid=\"false\" value=\"\" type=\"text\" name=\"child-vorname\" \/><\/span>\n<\/p>\n<p>Date de naissance de l'enfant :\n<\/p>\n<p><span class=\"wpcf7-form-control-wrap\" data-name=\"text-231\"><input size=\"40\" maxlength=\"400\" class=\"wpcf7-form-control wpcf7-text\" aria-invalid=\"false\" value=\"\" type=\"text\" name=\"text-231\" \/><\/span>\n<\/p>\n<p>votre email :\n<\/p>\n<p><span class=\"wpcf7-form-control-wrap\" data-name=\"your-email\"><input size=\"40\" maxlength=\"400\" class=\"wpcf7-form-control wpcf7-email wpcf7-validates-as-required wpcf7-text wpcf7-validates-as-email\" aria-required=\"true\" aria-invalid=\"false\" value=\"\" type=\"email\" name=\"your-email\" \/><\/span>\n<\/p>\n<p>T\u00e9l\u00e9phone :<br \/>\n<span class=\"wpcf7-form-control-wrap\" data-name=\"text-501\"><input size=\"40\" maxlength=\"400\" class=\"wpcf7-form-control wpcf7-text\" aria-invalid=\"false\" value=\"\" type=\"text\" name=\"text-501\" \/><\/span>\n<\/p>\n<p>Commentaire\n<\/p>\n<p><span class=\"wpcf7-form-control-wrap\" data-name=\"your-message\"><textarea cols=\"40\" rows=\"10\" maxlength=\"2000\" class=\"wpcf7-form-control wpcf7-textarea\" aria-invalid=\"false\" name=\"your-message\"><\/textarea><\/span>\n<\/p>\n<p><input type=\"hidden\" name=\"_wpcf7_captcha_challenge_captcha-271\" value=\"4085937854\" \/><img loading=\"lazy\" decoding=\"async\" class=\"wpcf7-form-control wpcf7-captchac wpcf7-captcha-captcha-271\" width=\"72\" height=\"24\" alt=\"captcha\" src=\"https:\/\/www.fa-bemol.com\/wp-content\/uploads\/wpcf7_captcha\/4085937854.png\" \/>\n<\/p>\n<p><span class=\"wpcf7-form-control-wrap\" data-name=\"captcha-271\"><input size=\"40\" class=\"wpcf7-form-control wpcf7-captchar\" autocomplete=\"off\" aria-invalid=\"false\" value=\"\" type=\"text\" name=\"captcha-271\" \/><\/span>\n<\/p>\n<p><input class=\"wpcf7-form-control wpcf7-submit has-spinner\" type=\"submit\" value=\"Envoyer\" \/>\n<\/p><div class=\"wpcf7-response-output\" aria-hidden=\"true\"><\/div>\n<\/form>\n<\/div>\n\n","protected":false},"excerpt":{"rendered":"<p>Les ateliers fa-bemol sont des ateliers s\u2019adressant aux enfants de 5 \u00e0 15 ans qui propose de cr\u00e9er, avec des outils num\u00e9riques, des films d\u2019animation. A partir du sc\u00e9nario ou story board jusqu\u2019au montage final en passant par le tournage, la cr\u00e9ation de la bande son et des bruitages. \u00c7a projet va mobiliser chez l\u2019enfant [&hellip;]<\/p>\n","protected":false},"author":1,"featured_media":0,"parent":0,"menu_order":0,"comment_status":"closed","ping_status":"closed","template":"","meta":{"footnotes":""},"class_list":["post-369","page","type-page","status-publish","hentry"],"_links":{"self":[{"href":"https:\/\/www.fa-bemol.com\/index.php?rest_route=\/wp\/v2\/pages\/369","targetHints":{"allow":["GET"]}}],"collection":[{"href":"https:\/\/www.fa-bemol.com\/index.php?rest_route=\/wp\/v2\/pages"}],"about":[{"href":"https:\/\/www.fa-bemol.com\/index.php?rest_route=\/wp\/v2\/types\/page"}],"author":[{"embeddable":true,"href":"https:\/\/www.fa-bemol.com\/index.php?rest_route=\/wp\/v2\/users\/1"}],"replies":[{"embeddable":true,"href":"https:\/\/www.fa-bemol.com\/index.php?rest_route=%2Fwp%2Fv2%2Fcomments&post=369"}],"version-history":[{"count":6,"href":"https:\/\/www.fa-bemol.com\/index.php?rest_route=\/wp\/v2\/pages\/369\/revisions"}],"predecessor-version":[{"id":538,"href":"https:\/\/www.fa-bemol.com\/index.php?rest_route=\/wp\/v2\/pages\/369\/revisions\/538"}],"wp:attachment":[{"href":"https:\/\/www.fa-bemol.com\/index.php?rest_route=%2Fwp%2Fv2%2Fmedia&parent=369"}],"curies":[{"name":"wp","href":"https:\/\/api.w.org\/{rel}","templated":true}]}}