{"id":79,"date":"2013-05-18T22:38:08","date_gmt":"2013-05-18T21:38:08","guid":{"rendered":"http:\/\/www.fa-bemol.com\/wordpress\/?page_id=79"},"modified":"2017-07-06T06:28:46","modified_gmt":"2017-07-06T05:28:46","slug":"ateliers-stop-motion","status":"publish","type":"page","link":"http:\/\/www.fa-bemol.com\/?page_id=79","title":{"rendered":"Ateliers Stop-Motion"},"content":{"rendered":"<p>Les ateliers fa-bemol sont des ateliers s\u2019adressant aux enfants de 6\u00a0\u00e0 12 ans environ qui propose de cr\u00e9er, avec des outils num\u00e9riques, des films d\u2019animation. A partir du sc\u00e9nario ou story board jusqu\u2019au montage final en passant par le tournage, la cr\u00e9ation de la bande son et des bruitages. \u00c7a projet va mobiliser chez l\u2019enfant toute son imagination, d\u00e9velopper sa patience, et lui permettre d\u2019apprendre \u00e0 utiliser l\u2019outil informatique dans une approche artistique.<\/p>\n","protected":false},"excerpt":{"rendered":"<p>Les ateliers fa-bemol sont des ateliers s\u2019adressant aux enfants de 6\u00a0\u00e0 12 ans environ qui propose de cr\u00e9er, avec des outils num\u00e9riques, des films d\u2019animation. A partir du sc\u00e9nario ou story board jusqu\u2019au montage final en passant par le tournage, la cr\u00e9ation de la bande son et des bruitages. \u00c7a projet va mobiliser chez l\u2019enfant [&hellip;]<\/p>\n","protected":false},"author":1,"featured_media":0,"parent":0,"menu_order":0,"comment_status":"closed","ping_status":"open","template":"","meta":{"footnotes":""},"class_list":["post-79","page","type-page","status-publish","hentry"],"_links":{"self":[{"href":"http:\/\/www.fa-bemol.com\/index.php?rest_route=\/wp\/v2\/pages\/79","targetHints":{"allow":["GET"]}}],"collection":[{"href":"http:\/\/www.fa-bemol.com\/index.php?rest_route=\/wp\/v2\/pages"}],"about":[{"href":"http:\/\/www.fa-bemol.com\/index.php?rest_route=\/wp\/v2\/types\/page"}],"author":[{"embeddable":true,"href":"http:\/\/www.fa-bemol.com\/index.php?rest_route=\/wp\/v2\/users\/1"}],"replies":[{"embeddable":true,"href":"http:\/\/www.fa-bemol.com\/index.php?rest_route=%2Fwp%2Fv2%2Fcomments&post=79"}],"version-history":[{"count":3,"href":"http:\/\/www.fa-bemol.com\/index.php?rest_route=\/wp\/v2\/pages\/79\/revisions"}],"predecessor-version":[{"id":656,"href":"http:\/\/www.fa-bemol.com\/index.php?rest_route=\/wp\/v2\/pages\/79\/revisions\/656"}],"wp:attachment":[{"href":"http:\/\/www.fa-bemol.com\/index.php?rest_route=%2Fwp%2Fv2%2Fmedia&parent=79"}],"curies":[{"name":"wp","href":"https:\/\/api.w.org\/{rel}","templated":true}]}}